{"id":374,"date":"2024-10-07T09:30:22","date_gmt":"2024-10-07T09:30:22","guid":{"rendered":"https:\/\/jma.se\/wp\/?page_id=374"},"modified":"2026-03-27T09:42:54","modified_gmt":"2026-03-27T09:42:54","slug":"importoracle-fakturering","status":"publish","type":"page","link":"https:\/\/jma.se\/wp\/en\/importoracle-fakturering\/","title":{"rendered":"ImportOracle - Invoicing"},"content":{"rendered":"<figure class=\"wp-block-image size-full\"><img loading=\"lazy\" decoding=\"async\" width=\"600\" height=\"120\" src=\"https:\/\/jma.se\/wp\/wp-content\/uploads\/2023\/08\/ai_three.jpg\" alt=\"\" class=\"wp-image-213\" srcset=\"https:\/\/jma.se\/wp\/wp-content\/uploads\/2023\/08\/ai_three.jpg 600w, https:\/\/jma.se\/wp\/wp-content\/uploads\/2023\/08\/ai_three-300x60.jpg 300w\" sizes=\"auto, (max-width: 600px) 100vw, 600px\" \/><\/figure>\n\n\n\n<p><strong>Import from Oracle POS (cash registers) to invoicing<\/strong><br>ImportOracle automatically imports sales from Oracle POS and creates invoices in your economy system. With ImportOracle you no longer have to calculate and transfer the number manually. Less work and no incorrect entries.<\/p>\n\n\n\n<figure class=\"wp-block-image size-full\"><img loading=\"lazy\" decoding=\"async\" width=\"662\" height=\"31\" src=\"https:\/\/jma.se\/wp\/wp-content\/uploads\/2024\/04\/start_oilist.png\" alt=\"\" class=\"wp-image-359\" srcset=\"https:\/\/jma.se\/wp\/wp-content\/uploads\/2024\/04\/start_oilist.png 662w, https:\/\/jma.se\/wp\/wp-content\/uploads\/2024\/04\/start_oilist-300x14.png 300w, https:\/\/jma.se\/wp\/wp-content\/uploads\/2024\/04\/start_oilist-18x1.png 18w, https:\/\/jma.se\/wp\/wp-content\/uploads\/2024\/04\/start_oilist-660x31.png 660w\" sizes=\"auto, (max-width: 662px) 100vw, 662px\" \/><\/figure>\n\n\n\n<p>ImportOracle imports sales from Oracle every day and creates basis for invoices. It is up to you how often invoices will be sent, every day\/each week\/each month. We configure your settings for departments, customers, articles etc and the invoices are created without any manual input.<\/p>\n\n\n<div class=\"wp-block-image\">\n<figure class=\"aligncenter size-full is-resized\"><img loading=\"lazy\" decoding=\"async\" width=\"600\" height=\"324\" src=\"https:\/\/jma.se\/wp\/wp-content\/uploads\/2024\/02\/oi_2.png\" alt=\"\" class=\"wp-image-340\" style=\"width:460px;height:auto\" srcset=\"https:\/\/jma.se\/wp\/wp-content\/uploads\/2024\/02\/oi_2.png 600w, https:\/\/jma.se\/wp\/wp-content\/uploads\/2024\/02\/oi_2-300x162.png 300w, https:\/\/jma.se\/wp\/wp-content\/uploads\/2024\/02\/oi_2-18x10.png 18w\" sizes=\"auto, (max-width: 600px) 100vw, 600px\" \/><\/figure>\n<\/div>\n\n\n<p><strong>Automatic <\/strong><strong>invoice<\/strong><strong> creation<\/strong><br>ImportOracle currently supports automatic imports to Fortnox and Visma e-conomi with many more systems on the way. If your system currently is not supported or if you do not want automatic imports you can download an Excel file that you edit and can manually import sales to your system. If your system is not supported today contact JMA and we will do our best to get automated import for you.<\/p>\n\n\n\n<p><strong>We support big and small businesses<\/strong><br>ImportOracle supports both companies with many different customers using Oracle Gift &amp; Loyalty or relative few customers using one Tender per customer.<\/p>\n\n\n\n<p>The system is developed in close contact with Oracle and JMA closely follows any changes Oracle might do. ImportOracle is not limited to systems for a specific country, good to know if your business is international.<\/p>\n\n\n<div class=\"wp-block-image\">\n<figure class=\"aligncenter size-full is-resized\"><img loading=\"lazy\" decoding=\"async\" width=\"535\" height=\"324\" src=\"https:\/\/jma.se\/wp\/wp-content\/uploads\/2024\/02\/oi_3.png\" alt=\"\" class=\"wp-image-342\" style=\"width:347px;height:auto\" srcset=\"https:\/\/jma.se\/wp\/wp-content\/uploads\/2024\/02\/oi_3.png 535w, https:\/\/jma.se\/wp\/wp-content\/uploads\/2024\/02\/oi_3-300x182.png 300w, https:\/\/jma.se\/wp\/wp-content\/uploads\/2024\/02\/oi_3-18x12.png 18w\" sizes=\"auto, (max-width: 535px) 100vw, 535px\" \/><\/figure>\n<\/div>\n\n\n<p><strong>Contact us now<\/strong><br>There is an installation cost for integrating your company and configuring the import and a monthly cost dependent on how many locations,  how many departments you need.<br>Included in the price are free support, free updates, help with changes in your settings etc.<br><\/p>\n\n\n\n<p>For more information, <em><a href=\"https:\/\/jma.se\/wp\/kontakt\/\">Contact JMA now!<\/a><\/em><\/p>","protected":false},"excerpt":{"rendered":"<p>Oracle kassa till fakturaImportOracle \u00e4r ett system som automatiskt importerar och skapar kundfakturor i ditt ekonomiprogram fr\u00e5n Oracle kassasystem. Med ImportOracle slipper du att manuellt skapa dina fakturor och r\u00e4kna p\u00e5 hur mycket kunden \u00e4r skyldig dig. Du slipper manuellt arbete och felinmatningar. ImportOracle h\u00e4mtar din f\u00f6rs\u00e4ljning fr\u00e5n Oracle varje dag och skapar underlag f\u00f6r\u2026 <span class=\"read-more\"><a href=\"https:\/\/jma.se\/wp\/en\/importoracle-fakturering\/\">Read More &raquo;<\/a><\/span><\/p>","protected":false},"author":1,"featured_media":0,"parent":0,"menu_order":0,"comment_status":"closed","ping_status":"closed","template":"","meta":{"footnotes":""},"class_list":["post-374","page","type-page","status-publish","hentry"],"_links":{"self":[{"href":"https:\/\/jma.se\/wp\/en\/wp-json\/wp\/v2\/pages\/374","targetHints":{"allow":["GET"]}}],"collection":[{"href":"https:\/\/jma.se\/wp\/en\/wp-json\/wp\/v2\/pages"}],"about":[{"href":"https:\/\/jma.se\/wp\/en\/wp-json\/wp\/v2\/types\/page"}],"author":[{"embeddable":true,"href":"https:\/\/jma.se\/wp\/en\/wp-json\/wp\/v2\/users\/1"}],"replies":[{"embeddable":true,"href":"https:\/\/jma.se\/wp\/en\/wp-json\/wp\/v2\/comments?post=374"}],"version-history":[{"count":4,"href":"https:\/\/jma.se\/wp\/en\/wp-json\/wp\/v2\/pages\/374\/revisions"}],"predecessor-version":[{"id":482,"href":"https:\/\/jma.se\/wp\/en\/wp-json\/wp\/v2\/pages\/374\/revisions\/482"}],"wp:attachment":[{"href":"https:\/\/jma.se\/wp\/en\/wp-json\/wp\/v2\/media?parent=374"}],"curies":[{"name":"wp","href":"https:\/\/api.w.org\/{rel}","templated":true}]}}