{"id":12,"date":"2017-09-15T09:45:32","date_gmt":"2017-09-15T09:45:32","guid":{"rendered":"https:\/\/jma.se\/wp\/?page_id=12"},"modified":"2024-02-12T16:34:58","modified_gmt":"2024-02-12T16:34:58","slug":"utveckling","status":"publish","type":"page","link":"https:\/\/jma.se\/wp\/en\/utveckling\/","title":{"rendered":"Development"},"content":{"rendered":"<p><strong>Do you need help with your systems?<\/strong><\/p>\n\n\n\n<figure class=\"wp-block-image size-medium is-style-default\"><img loading=\"lazy\" decoding=\"async\" width=\"300\" height=\"200\" src=\"https:\/\/jma.se\/wp\/wp-content\/uploads\/2023\/08\/elisa-ventur-bmJAXAz6ads-unsplash-300x200.jpg\" alt=\"\" class=\"wp-image-205\" srcset=\"https:\/\/jma.se\/wp\/wp-content\/uploads\/2023\/08\/elisa-ventur-bmJAXAz6ads-unsplash-300x200.jpg 300w, https:\/\/jma.se\/wp\/wp-content\/uploads\/2023\/08\/elisa-ventur-bmJAXAz6ads-unsplash-1024x683.jpg 1024w, https:\/\/jma.se\/wp\/wp-content\/uploads\/2023\/08\/elisa-ventur-bmJAXAz6ads-unsplash-768x512.jpg 768w, https:\/\/jma.se\/wp\/wp-content\/uploads\/2023\/08\/elisa-ventur-bmJAXAz6ads-unsplash-1536x1024.jpg 1536w, https:\/\/jma.se\/wp\/wp-content\/uploads\/2023\/08\/elisa-ventur-bmJAXAz6ads-unsplash-2048x1365.jpg 2048w, https:\/\/jma.se\/wp\/wp-content\/uploads\/2023\/08\/elisa-ventur-bmJAXAz6ads-unsplash-660x440.jpg 660w\" sizes=\"auto, (max-width: 300px) 100vw, 300px\" \/><\/figure>\n\n\n\n<p>JMA have been active with IT-development, programming for more than 30 years. We do everything from developing special applications, databases, apps och webpages to teach the users. JMA knows the techniques of webpages and can combine your pages and apps with the data from your internal systems.<\/p>\n\n\n\n<p>JMA develops for you and spends time to understand your business, your needs. We are an extra resource in your business who cares and learns your business.<br><\/p>\n\n\n\n<p><\/p>\n\n\n<div class=\"wp-block-image\">\n<figure class=\"alignright size-full is-resized\"><img loading=\"lazy\" decoding=\"async\" width=\"600\" height=\"441\" src=\"https:\/\/jma.se\/wp\/wp-content\/uploads\/2024\/02\/kon_2.png\" alt=\"\" class=\"wp-image-316\" style=\"width:269px;height:auto\" srcset=\"https:\/\/jma.se\/wp\/wp-content\/uploads\/2024\/02\/kon_2.png 600w, https:\/\/jma.se\/wp\/wp-content\/uploads\/2024\/02\/kon_2-300x221.png 300w, https:\/\/jma.se\/wp\/wp-content\/uploads\/2024\/02\/kon_2-16x12.png 16w\" sizes=\"auto, (max-width: 600px) 100vw, 600px\" \/><\/figure>\n<\/div>\n\n\n<p>JMA are experts at making different programs and websolutions cooperate. Automated data sharing between cash systems and journaling, stock and customerweb, connecting information from different sources in your company and gather them up to an easy to use presentation of the current state of your business.<\/p>\n\n\n\n<p><br><br><\/p>\n\n\n\n<p><\/p>\n\n\n\n<hr class=\"wp-block-separator aligncenter has-alpha-channel-opacity is-style-wide\"\/>\n\n\n\n<p class=\"has-text-align-center\"><strong><em>JMA will be there for you \u2013 we are not a consultant that developes and disappears<br>we are your partner here  to help you and develop you further when you need us to.<\/em><\/strong><\/p>\n\n\n\n<hr class=\"wp-block-separator aligncenter has-alpha-channel-opacity is-style-wide\"\/>\n\n\n\n<p class=\"has-text-align-center\"><a href=\"https:\/\/jma.se\/wp\/kontakt\/\">Contact JMA now!<\/a><\/p>\n\n\n\n<p><br><br><strong>Some examples of what JMA has done for customers:<\/strong><\/p>\n\n\n\n<figure class=\"wp-block-table\"><table><tbody><tr><td>Ansa Fris\u00f6r AB<\/td><td>Kassa och bokningsystem<\/td><\/tr><tr><td>AP&amp;T<\/td><td>Utveckling, dataintegration olika system<\/td><\/tr><tr><td>Autokaross\t<\/td><td>\tUtveckling, dataintegration\t<\/td><\/tr><tr><td>BAFAB Kontorsm\u00f6bler\t<\/td><td>\tIT Support\t<\/td><\/tr><tr><td>BLR-Fotograferna AB\t<\/td><td>\tIT Support\t<\/td><\/tr><tr><td>Bozze gregner Vision ab\t<\/td><td>\tUtveckling Monteragera Svenska M\u00e4ssan\t<\/td><\/tr><tr><td>Brodins Grafiska\t<\/td><td>\tUtveckling PHP\t<\/td><\/tr><tr><td>Chalmers University\t<\/td><td>\tUtveckling weblearning, utbildning\t<\/td><\/tr><tr><td>CMA Personal Systems\t<\/td><td>\tIT Support\t<\/td><\/tr><tr><td>Connectsystem G\u00f6teborg AB\t<\/td><td>\tUtveckling appar, webbsystem\t<\/td><\/tr><tr><td>Cybero Marknadskommunikation\t<\/td><td>\tUtveckling webb, utbildning\t<\/td><\/tr><tr><td>DICAB\t<\/td><td>\tUtbildare, office, windows\t<\/td><\/tr><tr><td>ECUS\t<\/td><td>\tUtveckling, tullhantering\t<\/td><\/tr><tr><td>Effekteam\t<\/td><td>\tIT Support\t<\/td><\/tr><tr><td>eGain Sweden AB\t<\/td><td>\tUtveckling, verksamhetssystem\t<\/td><\/tr><tr><td>Eliasson Segelmakeri\t<\/td><td>\tUtveckling webb\t<\/td><\/tr><tr><td>ETU\t<\/td><td>\tIT Support\t<\/td><\/tr><tr><td>Folkuniversitetet G\u00f6teborg\t<\/td><td>\tUtbildare, office, windows\t<\/td><\/tr><tr><td>Fotodesign i G\u00f6teborg AB\t<\/td><td>\tUtveckling labsystem, webb\t<\/td><\/tr><tr><td>Fotodesign i Mullsj\u00f6 AB\t<\/td><td>\tUtveckling labsystem\t<\/td><\/tr><tr><td>Frontec\t<\/td><td>\tUtbildare, office, windows\t<\/td><\/tr><tr><td>F\u00f6retagspartner G\u00f6teborg AB\t<\/td><td>\tIT Support\t<\/td><\/tr><tr><td>G\u00f6teborgs univeritet \t<\/td><td>\tUtveckling databas, utbildare GIS\t<\/td><\/tr><tr><td>Genisis Data Institut\t<\/td><td>\tUtbildare, office, windows\t<\/td><\/tr><tr><td>Hush\u00e5llningss\u00e4llskapet\t<\/td><td>\tIT Support\t<\/td><\/tr><tr><td>IDG\t<\/td><td>\tJournalist\t<\/td><\/tr><tr><td>Informator Utbildning Svenska\t<\/td><td>\tUtbildare, projektledning, programmering, windows\t<\/td><\/tr><tr><td>Institutet f\u00f6r Chefsutveckling\t<\/td><td>\tUtveckling webb\t<\/td><\/tr><tr><td>IT-Gymnasiet G\u00f6teborg\t<\/td><td>\tUtbildning\t<\/td><\/tr><tr><td>JCS Enterprise HB\t<\/td><td>\tUtveckling callcentersystem, databas\t<\/td><\/tr><tr><td>Kentele Digital AB\t<\/td><td>\tUtveckling maskinstyrning\t<\/td><\/tr><tr><td>Kopps\t<\/td><td>\tIT Support\t<\/td><\/tr><tr><td>Kung\u00e4lvs Nyf\u00f6retagarcentrum\t<\/td><td>\tIT Support\t<\/td><\/tr><tr><td>Lexicon V\u00e4st\t<\/td><td>\tUtbildare, office, programmering, windows\t<\/td><\/tr><tr><td>Lind\u00e9n Datakonsult\t<\/td><td>\tUtveckling appar\t<\/td><\/tr><tr><td>Liseberg AB\t<\/td><td>\tUtveckling maskinstyrning, utbildning office\t<\/td><\/tr><tr><td>Mandator\t<\/td><td>\tKonsult programmering, Memo och Tesco\t<\/td><\/tr><tr><td>MANPOWER Teamwork\t<\/td><td>\tUtbildare, programmering\t<\/td><\/tr><tr><td>Marstrandsb\u00e5tarna AB\t<\/td><td>\tVidareutveckling webbplats\t<\/td><\/tr><tr><td>Miss Morris Event &amp; Konferens\t<\/td><td>\tIT Support\t<\/td><\/tr><tr><td>MODEFABRIKEN031 AB\t<\/td><td>\tIT Support\t<\/td><\/tr><tr><td>Mytech Utbildning AB\t<\/td><td>\tUtbildare, office, windows\t<\/td><\/tr><tr><td>nBiT Aff\u00e4rssystem AB\t<\/td><td>\tKonsult, utvecklare, Volvo, Ericsson, Bergsala, Visma\t<\/td><\/tr><tr><td>NordicEvent AB\t<\/td><td>\tVidareutveckling webbplats\t<\/td><\/tr><tr><td>Olaus Bemanning AB\t<\/td><td>\tUtveckling administartivt system\t<\/td><\/tr><tr><td>P &amp; P Service\t<\/td><td>\tUtveckling, import frakt system\t<\/td><\/tr><tr><td>PC Image Processing Systems\t<\/td><td>\tUtveckling ophtalmologiskt system\t<\/td><\/tr><tr><td>Pegasus Air Cargo AB\t<\/td><td>\tIT Support\t<\/td><\/tr><tr><td>Pension\u00e4rspoolen\t<\/td><td>\tUtveckling administrativt system, webb, appar\t<\/td><\/tr><tr><td>prints2you\t<\/td><td>\tUtveckling backend labsystem webb\t<\/td><\/tr><tr><td>RGS Infosystem AB\t<\/td><td>\tUtbildare, Office, Windows\t<\/td><\/tr><tr><td>Ridax Programutveckling\t<\/td><td>\tKonsult programmering\t<\/td><\/tr><tr><td>Riksf\u00f6reningen Sverigekontakt\t<\/td><td>\tUtveckling webb, interna system\t<\/td><\/tr><tr><td>RM TECH AB\t<\/td><td>\tIT Support\t<\/td><\/tr><tr><td>SEMCON\t<\/td><td>\tUtbildning, IT personal, programmering\t<\/td><\/tr><tr><td>SIGMA nBiT AB\t<\/td><td>\tKonsult, utvecklare, Volvo, Ericsson, Bergsala, Visma\t<\/td><\/tr><tr><td>Skaraborgspost\t<\/td><td>\tUtveckling system f\u00f6r frakt\t<\/td><\/tr><tr><td>Str\u00e4va\t<\/td><td>\tUtveckling system f\u00f6r organisationskultur\t<\/td><\/tr><tr><td>Studio Danza\t<\/td><td>\tIT Support\t<\/td><\/tr><tr><td>Svenska PC WORLD\t<\/td><td>\tJournalist\t<\/td><\/tr><tr><td>Sverigekontakt\t<\/td><td>\tUtveckling webb, interna system\t<\/td><\/tr><tr><td>Swedish OS\/2 User Group\t<\/td><td>\tIT Support\t<\/td><\/tr><tr><td>Under &amp; \u00d6ver AB\t<\/td><td>\tIT Support\t<\/td><\/tr><tr><td>Unga i Arbete Sverige AB\t<\/td><td>\tUtveckling administrativt system, app, webb\t<\/td><\/tr><tr><td>Utvecklande Aff\u00e4rer\t<\/td><td>\tIT Support\t<\/td><\/tr><tr><td>Vasamottagningen\t<\/td><td>\tUtveckling system f\u00f6r l\u00e4karmottagning\t<\/td><\/tr><tr><td>V\u00e4stsvenska Fotolaboratoriet\t<\/td><td>\tUtveckling maskinstyrning, administration, webb\t<\/td><\/tr><tr><td>Windows User Group\t<\/td><td>\tUtbildare, avancerad Windows\t<\/td><\/tr><\/tbody><\/table><\/figure>\n\n\n\n<p><\/p>\n\n\n\n<p><\/p>","protected":false},"excerpt":{"rendered":"<p>Beh\u00f6ver du hj\u00e4lp med dina system? JMA har arbetat inom IT-utveckling, programmering i \u00f6ver 30 \u00e5r. Allt ifr\u00e5n att tillverka program, databaser, appar och webbsidor till att utbilda anv\u00e4ndarna. JMA kan tekniken bakom webbsidor och kombinerar din webbsida och app med data fr\u00e5n dina interna system. JMA utvecklar f\u00f6r er och l\u00e4gger kraft p\u00e5 att\u2026 <span class=\"read-more\"><a href=\"https:\/\/jma.se\/wp\/en\/utveckling\/\">Read More &raquo;<\/a><\/span><\/p>","protected":false},"author":1,"featured_media":0,"parent":0,"menu_order":0,"comment_status":"closed","ping_status":"closed","template":"","meta":{"footnotes":""},"class_list":["post-12","page","type-page","status-publish","hentry"],"_links":{"self":[{"href":"https:\/\/jma.se\/wp\/en\/wp-json\/wp\/v2\/pages\/12","targetHints":{"allow":["GET"]}}],"collection":[{"href":"https:\/\/jma.se\/wp\/en\/wp-json\/wp\/v2\/pages"}],"about":[{"href":"https:\/\/jma.se\/wp\/en\/wp-json\/wp\/v2\/types\/page"}],"author":[{"embeddable":true,"href":"https:\/\/jma.se\/wp\/en\/wp-json\/wp\/v2\/users\/1"}],"replies":[{"embeddable":true,"href":"https:\/\/jma.se\/wp\/en\/wp-json\/wp\/v2\/comments?post=12"}],"version-history":[{"count":33,"href":"https:\/\/jma.se\/wp\/en\/wp-json\/wp\/v2\/pages\/12\/revisions"}],"predecessor-version":[{"id":346,"href":"https:\/\/jma.se\/wp\/en\/wp-json\/wp\/v2\/pages\/12\/revisions\/346"}],"wp:attachment":[{"href":"https:\/\/jma.se\/wp\/en\/wp-json\/wp\/v2\/media?parent=12"}],"curies":[{"name":"wp","href":"https:\/\/api.w.org\/{rel}","templated":true}]}}